{"id":1139,"date":"2019-02-01T10:52:22","date_gmt":"2019-02-01T10:52:22","guid":{"rendered":"https:\/\/irmacorrea.com\/?page_id=1139"},"modified":"2024-01-22T00:00:30","modified_gmt":"2024-01-22T00:00:30","slug":"actress","status":"publish","type":"page","link":"https:\/\/irmacorrea.com\/en\/actress\/","title":{"rendered":"Actress"},"content":{"rendered":"<p><span style=\"text-decoration: underline;\"><strong>CINEMA<\/strong><\/span><\/p>\n<p><strong>OPERATION E<\/strong>\u00a0\u2013 Directed by Miguel Courtois, Storm Films, Zircozine and A.J.O.Z. movies<\/p>\n<p><strong>FREE SERVICE<\/strong>\u00a0(short film) \u2013 Directed by Gino Carranza, Direktor Films<\/p>\n<p><strong>THE ROBBERY<\/strong>\u00a0(short film) \u2013 Directed by Paula Lekuona<\/p>\n<p><strong>BLANK WOOD<\/strong>\u00a0(short film) \u2013 Directed by Paula Lekuona<\/p>\n<p>&nbsp;<\/p>\n<p><span style=\"text-decoration: underline;\"><strong>TELEVISION<\/strong><\/span><\/p>\n<p><strong>THE HEART OF THE OCEAN<\/strong>\u00a0\u2013 Globomedia for Antena 3 TV<\/p>\n<p><strong>THE PROMISE<\/strong>\u00a0\u2013 Cmo Producciones for Caracol TV and Golden TV<\/p>\n<p><strong>THE ESCORT<\/strong>\u00a0\u2013 Teleset for Sony Entertainment<\/p>\n<p><strong>YOUR STEREO VOICE<\/strong>\u00a0\u2013 Caracol TV<\/p>\n<p><strong>CONFIDENTIAL<\/strong>\u00a0\u2013 Caracol TV<\/p>\n<p><strong>PLAN AMERICA<\/strong>\u00a0\u2013 Spanish Television (TVE)<\/p>\n<p><strong>THE PUNTA BRAVA OATH<\/strong>\u00a0\u2013 Canary Islands Television (TVCA)<\/p>\n<p><strong>MOGOMBELLE EPOQUE<\/strong>\u00a0\u2013 Antena 3 Canarias<\/p>\n<p><strong>INNOVATE<\/strong>\u00a0\u2013 (Publirreportaje)<\/p>\n<p><strong>SPAIN MEMORIES<\/strong>\u00a0\u2013 Spanish Television (TVE)<\/p>\n<p>&nbsp;<\/p>\n<p><span style=\"text-decoration: underline;\"><strong>THEATRE<\/strong><\/span><\/p>\n<p><strong>MOON RIVER (in a foreign land)<\/strong>\u00a0\u2013 Directed by Juan Ceacero, Neumunster Abbey Theatre, Luxembourg<\/p>\n<p><strong>ELECTRA<\/strong>\u00a0\u2013 Directed by Ferr\u00e1n Madico, Teatro Espanol, T. P\u00e9rez Gald\u00f3s, Classical Festival of M\u00e9rida<\/p>\n<p><strong>DON JUAN TENORIO<\/strong>\u00a0\u2013 Directed by Tamzin Townsend, Las Palmas de G.C.<\/p>\n<p><strong>A MIDSUMMER NIGHT\u2019S DREAM<\/strong>\u00a0\u2013 Directed by Tina Anderson, London<\/p>\n<p><strong>LOVE IN THE PLAZA<\/strong>\u00a0\u2013 Plaza Mayor, Madrid<\/p>\n<p><strong>THE WINTER OF LAS ANJANAS<\/strong>\u00a0\u2013 Gardens of Pereda, Santander<\/p>\n<p><strong>MEDEA<\/strong>\u00a0\u2013 Directed by Gadea Reis, Teatro Bret\u00f3n, Salamanca<\/p>\n<p><strong>THE AUCTION<\/strong>\u00a0\u2013 Directed by Nieves G. Egido, Tour of Salamanca<\/p>\n<p><strong>THE CRAZY ROPE CURE<\/strong>\u00a0\u2013 Directed by Nieves G. Egido, Tour of Salamanca<\/p>\n","protected":false},"excerpt":{"rendered":"<p>CINEMA OPERATION E\u00a0\u2013 Directed by Miguel Courtois, Storm Films, Zircozine and A.J.O.Z. movies FREE SERVICE\u00a0(short film) \u2013 Directed by Gino Carranza, Direktor Films THE ROBBERY\u00a0(short film) \u2013 Directed by Paula Lekuona BLANK WOOD\u00a0(short film) \u2013 Directed by Paula Lekuona &nbsp; TELEVISION THE HEART OF THE OCEAN\u00a0\u2013 Globomedia for Antena 3 [&hellip;]<\/p>\n","protected":false},"author":1,"featured_media":732,"parent":0,"menu_order":11,"comment_status":"closed","ping_status":"closed","template":"","meta":{"footnotes":""},"acf":[],"yoast_head":"<!-- This site is optimized with the Yoast SEO plugin v21.9.1 - https:\/\/yoast.com\/wordpress\/plugins\/seo\/ -->\n<title>Actress | Irma Correa<\/title>\n<meta name=\"robots\" content=\"index, follow, max-snippet:-1, max-image-preview:large, max-video-preview:-1\" \/>\n<link rel=\"canonical\" href=\"https:\/\/irmacorrea.com\/en\/actress\/\" \/>\n<meta property=\"og:locale\" content=\"en_US\" \/>\n<meta property=\"og:type\" content=\"article\" \/>\n<meta property=\"og:title\" content=\"Actress | Irma Correa\" \/>\n<meta property=\"og:description\" content=\"CINEMA OPERATION E\u00a0\u2013 Directed by Miguel Courtois, Storm Films, Zircozine and A.J.O.Z. movies FREE SERVICE\u00a0(short film) \u2013 Directed by Gino Carranza, Direktor Films THE ROBBERY\u00a0(short film) \u2013 Directed by Paula Lekuona BLANK WOOD\u00a0(short film) \u2013 Directed by Paula Lekuona &nbsp; TELEVISION THE HEART OF THE OCEAN\u00a0\u2013 Globomedia for Antena 3 [&hellip;]\" \/>\n<meta property=\"og:url\" content=\"https:\/\/irmacorrea.com\/en\/actress\/\" \/>\n<meta property=\"og:site_name\" content=\"Irma Correa\" \/>\n<meta property=\"article:modified_time\" content=\"2024-01-22T00:00:30+00:00\" \/>\n<meta name=\"twitter:card\" content=\"summary_large_image\" \/>\n<meta name=\"twitter:label1\" content=\"Est. reading time\" \/>\n\t<meta name=\"twitter:data1\" content=\"1 minute\" \/>\n<script type=\"application\/ld+json\" class=\"yoast-schema-graph\">{\"@context\":\"https:\/\/schema.org\",\"@graph\":[{\"@type\":\"WebPage\",\"@id\":\"https:\/\/irmacorrea.com\/en\/actress\/\",\"url\":\"https:\/\/irmacorrea.com\/en\/actress\/\",\"name\":\"Actress | Irma Correa\",\"isPartOf\":{\"@id\":\"https:\/\/irmacorrea.com\/en\/#website\"},\"datePublished\":\"2019-02-01T10:52:22+00:00\",\"dateModified\":\"2024-01-22T00:00:30+00:00\",\"breadcrumb\":{\"@id\":\"https:\/\/irmacorrea.com\/en\/actress\/#breadcrumb\"},\"inLanguage\":\"en-US\",\"potentialAction\":[{\"@type\":\"ReadAction\",\"target\":[\"https:\/\/irmacorrea.com\/en\/actress\/\"]}]},{\"@type\":\"BreadcrumbList\",\"@id\":\"https:\/\/irmacorrea.com\/en\/actress\/#breadcrumb\",\"itemListElement\":[{\"@type\":\"ListItem\",\"position\":1,\"name\":\"Portada\",\"item\":\"https:\/\/irmacorrea.com\/en\/\"},{\"@type\":\"ListItem\",\"position\":2,\"name\":\"Actress\"}]},{\"@type\":\"WebSite\",\"@id\":\"https:\/\/irmacorrea.com\/en\/#website\",\"url\":\"https:\/\/irmacorrea.com\/en\/\",\"name\":\"Irma Correa\",\"description\":\"Actriz, escritora, guionista y dramaturga\",\"potentialAction\":[{\"@type\":\"SearchAction\",\"target\":{\"@type\":\"EntryPoint\",\"urlTemplate\":\"https:\/\/irmacorrea.com\/en\/?s={search_term_string}\"},\"query-input\":\"required name=search_term_string\"}],\"inLanguage\":\"en-US\"}]}<\/script>\n<!-- \/ Yoast SEO plugin. -->","yoast_head_json":{"title":"Actress | Irma Correa","robots":{"index":"index","follow":"follow","max-snippet":"max-snippet:-1","max-image-preview":"max-image-preview:large","max-video-preview":"max-video-preview:-1"},"canonical":"https:\/\/irmacorrea.com\/en\/actress\/","og_locale":"en_US","og_type":"article","og_title":"Actress | Irma Correa","og_description":"CINEMA OPERATION E\u00a0\u2013 Directed by Miguel Courtois, Storm Films, Zircozine and A.J.O.Z. movies FREE SERVICE\u00a0(short film) \u2013 Directed by Gino Carranza, Direktor Films THE ROBBERY\u00a0(short film) \u2013 Directed by Paula Lekuona BLANK WOOD\u00a0(short film) \u2013 Directed by Paula Lekuona &nbsp; TELEVISION THE HEART OF THE OCEAN\u00a0\u2013 Globomedia for Antena 3 [&hellip;]","og_url":"https:\/\/irmacorrea.com\/en\/actress\/","og_site_name":"Irma Correa","article_modified_time":"2024-01-22T00:00:30+00:00","twitter_card":"summary_large_image","twitter_misc":{"Est. reading time":"1 minute"},"schema":{"@context":"https:\/\/schema.org","@graph":[{"@type":"WebPage","@id":"https:\/\/irmacorrea.com\/en\/actress\/","url":"https:\/\/irmacorrea.com\/en\/actress\/","name":"Actress | Irma Correa","isPartOf":{"@id":"https:\/\/irmacorrea.com\/en\/#website"},"datePublished":"2019-02-01T10:52:22+00:00","dateModified":"2024-01-22T00:00:30+00:00","breadcrumb":{"@id":"https:\/\/irmacorrea.com\/en\/actress\/#breadcrumb"},"inLanguage":"en-US","potentialAction":[{"@type":"ReadAction","target":["https:\/\/irmacorrea.com\/en\/actress\/"]}]},{"@type":"BreadcrumbList","@id":"https:\/\/irmacorrea.com\/en\/actress\/#breadcrumb","itemListElement":[{"@type":"ListItem","position":1,"name":"Portada","item":"https:\/\/irmacorrea.com\/en\/"},{"@type":"ListItem","position":2,"name":"Actress"}]},{"@type":"WebSite","@id":"https:\/\/irmacorrea.com\/en\/#website","url":"https:\/\/irmacorrea.com\/en\/","name":"Irma Correa","description":"Actriz, escritora, guionista y dramaturga","potentialAction":[{"@type":"SearchAction","target":{"@type":"EntryPoint","urlTemplate":"https:\/\/irmacorrea.com\/en\/?s={search_term_string}"},"query-input":"required name=search_term_string"}],"inLanguage":"en-US"}]}},"_links":{"self":[{"href":"https:\/\/irmacorrea.com\/en\/wp-json\/wp\/v2\/pages\/1139"}],"collection":[{"href":"https:\/\/irmacorrea.com\/en\/wp-json\/wp\/v2\/pages"}],"about":[{"href":"https:\/\/irmacorrea.com\/en\/wp-json\/wp\/v2\/types\/page"}],"author":[{"embeddable":true,"href":"https:\/\/irmacorrea.com\/en\/wp-json\/wp\/v2\/users\/1"}],"replies":[{"embeddable":true,"href":"https:\/\/irmacorrea.com\/en\/wp-json\/wp\/v2\/comments?post=1139"}],"version-history":[{"count":5,"href":"https:\/\/irmacorrea.com\/en\/wp-json\/wp\/v2\/pages\/1139\/revisions"}],"predecessor-version":[{"id":1208,"href":"https:\/\/irmacorrea.com\/en\/wp-json\/wp\/v2\/pages\/1139\/revisions\/1208"}],"wp:featuredmedia":[{"embeddable":true,"href":"https:\/\/irmacorrea.com\/en\/wp-json\/wp\/v2\/media\/732"}],"wp:attachment":[{"href":"https:\/\/irmacorrea.com\/en\/wp-json\/wp\/v2\/media?parent=1139"}],"curies":[{"name":"wp","href":"https:\/\/api.w.org\/{rel}","templated":true}]}}